{"id":18,"date":"2009-09-23T08:47:04","date_gmt":"2009-09-23T00:47:04","guid":{"rendered":"http:\/\/www.kljc.edu.mo\/www4\/?page_id=18"},"modified":"2024-08-29T14:32:03","modified_gmt":"2024-08-29T06:32:03","slug":"%e9%80%a3%e7%b5%a1%e8%b3%87%e6%96%99","status":"publish","type":"page","link":"https:\/\/www.kljc.edu.mo\/?page_id=18","title":{"rendered":"\u806f\u7d61\u8cc7\u6599"},"content":{"rendered":"<p>\u6fb3\u9580\u5de5\u806f\u8077\u696d\u6280\u8853\u4e2d\u5b78<br \/>\n\u8461\u6587\u6821\u540d:ESCOLA SECUND\u00c1RIA T\u00c9CNICO-PROFISSIONAL DA FEDERA\u00c7\u00c3O DAS ASSOCIA\u00c7\u00c3OES DOS OPER\u00c1RIOS DE MACAU<br \/>\n\u82f1\u6587\u6821\u540d:Macau Kung Luen Vocational &amp; Technical Middle School<br \/>\n\u8461\u6587\u5730\u5740:Rua de Lei Pou Chon, Barbosa, \u00a0Macau<\/p>\n<p>\u4e2d\u6587\u5730\u5740:\u6fb3\u9580\u53f0\u5c71\u674e\u5bf6\u693f\u8857<\/p>\n<table style=\"height: 218px;\" width=\"500\">\n<tbody>\n<tr>\n<td>\u99ae\u5bb6\u8f1d \u6821\u76e3<\/td>\n<td><\/td>\n<\/tr>\n<tr>\n<td>\u5442\u5409\u5be6 \u6821\u9577<\/td>\n<td><a href=\"http:\/\/www.kljc.edu.mo\/wp-content\/uploads\/2009\/09\/percy.jpg\"><img loading=\"lazy\" decoding=\"async\" title=\"percy\" src=\"http:\/\/www.kljc.edu.mo\/wp-content\/uploads\/2009\/09\/percy.jpg\" alt=\"\" width=\"189\" height=\"28\" \/><\/a><\/td>\n<\/tr>\n<tr>\n<td>\u9ec3\u5ee3\u806f \u526f\u6821\u9577\u517c\u6559\u52d9\u4e3b\u4efb<\/td>\n<td><a href=\"http:\/\/www.kljc.edu.mo\/wp-content\/uploads\/2009\/09\/hotmes-mail.png\"><img loading=\"lazy\" decoding=\"async\" class=\"alignnone size-full wp-image-3546\" src=\"http:\/\/www.kljc.edu.mo\/wp-content\/uploads\/2009\/09\/hotmes-mail.png\" alt=\"hotmes-mail\" width=\"229\" height=\"36\" \/><\/a><\/td>\n<\/tr>\n<tr>\n<td>\u9ec3\u4e16\u5e73 \u526f\u6821\u9577\u517c\u7e3d\u52d9\u4e3b\u4efb<\/td>\n<td><a href=\"http:\/\/www.kljc.edu.mo\/wp-content\/uploads\/2009\/09\/wsp-mail.png\"><img loading=\"lazy\" decoding=\"async\" class=\"alignnone size-full wp-image-3547\" src=\"http:\/\/www.kljc.edu.mo\/wp-content\/uploads\/2009\/09\/wsp-mail.png\" alt=\"wsp-mail\" width=\"186\" height=\"30\" \/><\/a><\/td>\n<\/tr>\n<tr>\n<td>\u6881\u946b \u5fb7\u80b2\u4e3b\u4efb<\/td>\n<td>Jason-kiam@hotmail.com<\/td>\n<\/tr>\n<tr>\n<td>\u674e\u59e3\u59e3 \u526f\u4e3b\u4efb<\/td>\n<td>irene88980389@gmail.com<\/td>\n<\/tr>\n<tr>\n<td>\u5efa\u8b70\/\u610f\u898b\u90f5\u7bb1<\/td>\n<td>kljc@kljc.edu.mo<\/td>\n<\/tr>\n<\/tbody>\n<\/table>\n<p>\u96fb\u8a71:853-28221711 \u50b3\u771f:853-28221712<\/p>\n<p><img loading=\"lazy\" decoding=\"async\" title=\"macao_gis343228641292\" src=\"http:\/\/www.kljc.edu.mo\/wp-content\/uploads\/2009\/09\/macao_gis343228641292.png\" alt=\"macao_gis343228641292\" width=\"531\" height=\"612\" \/><\/p>\n","protected":false},"excerpt":{"rendered":"<p>\u6fb3\u9580\u5de5\u806f\u8077\u696d\u6280\u8853\u4e2d\u5b78 \u8461\u6587\u6821\u540d:ESCOLA SECUND\u00c1RIA T\u00c9CNICO-PROFISSIONAL DA FEDERA\u00c7\u00c3O DAS ASS [&hellip;]<\/p>\n","protected":false},"author":1,"featured_media":0,"parent":0,"menu_order":1,"comment_status":"closed","ping_status":"closed","template":"","meta":{"footnotes":""},"class_list":["post-18","page","type-page","status-publish","hentry"],"_links":{"self":[{"href":"https:\/\/www.kljc.edu.mo\/index.php?rest_route=\/wp\/v2\/pages\/18","targetHints":{"allow":["GET"]}}],"collection":[{"href":"https:\/\/www.kljc.edu.mo\/index.php?rest_route=\/wp\/v2\/pages"}],"about":[{"href":"https:\/\/www.kljc.edu.mo\/index.php?rest_route=\/wp\/v2\/types\/page"}],"author":[{"embeddable":true,"href":"https:\/\/www.kljc.edu.mo\/index.php?rest_route=\/wp\/v2\/users\/1"}],"replies":[{"embeddable":true,"href":"https:\/\/www.kljc.edu.mo\/index.php?rest_route=%2Fwp%2Fv2%2Fcomments&post=18"}],"version-history":[{"count":32,"href":"https:\/\/www.kljc.edu.mo\/index.php?rest_route=\/wp\/v2\/pages\/18\/revisions"}],"predecessor-version":[{"id":11749,"href":"https:\/\/www.kljc.edu.mo\/index.php?rest_route=\/wp\/v2\/pages\/18\/revisions\/11749"}],"wp:attachment":[{"href":"https:\/\/www.kljc.edu.mo\/index.php?rest_route=%2Fwp%2Fv2%2Fmedia&parent=18"}],"curies":[{"name":"wp","href":"https:\/\/api.w.org\/{rel}","templated":true}]}}